{"id":64,"date":"2014-11-12T21:52:15","date_gmt":"2014-11-12T21:52:15","guid":{"rendered":"https:\/\/pmish.com\/?page_id=64"},"modified":"2018-04-02T19:41:27","modified_gmt":"2018-04-02T19:41:27","slug":"professional","status":"publish","type":"page","link":"https:\/\/pmish.com\/?page_id=64","title":{"rendered":"Professional Bio"},"content":{"rendered":"<p>Peter Mishara is a child of the 80s, hailing from the Upper East Side of New York City. He remembers a time before the digital age, but just barely. This informs his visual work, where he blends the immediacy and simplicity of digital with the warmth and soul of analog. He is a graduate of the film programs at Temple University and the University of Southern California, where he honed his visual style and storytelling techniques. In Los Angeles, after working several years as a cinematographer, he served as Head of Production, Film &#038; Video for Marc Ecko Enterprises, a full-scale global fashion and youth-oriented lifestyle company. It was at MEE Peter ended up directing over 50 broadcast commercials for their various brands and spearheaded various video initiatives. In 2010, he set up roots in Toronto and directed and creative directed digital spots for brands such as BMW, Mozilla and Kraft. In addition to directing a pilot project on e-sports for VICE, and creative directing a VR\/AR game for kids called <em>Terracosm<\/em>, Peter also wrote and directed a short science fiction film entitled <em>SPRNVA (Supernova)<\/em>. In late 2016, he began directing <em>The Artists<\/em>, a 10-part documentary webseries and feature film about the pioneers of the burgeoning video game industry, which recently launched on Topic, the new venture from First Look Media.<\/p>\n<p><strong>Education<\/strong><\/p>\n<p>MFA, FILM PRODUCTION University of Southern California<br \/>\nLOS ANGELES, CA 2000 &#8211; 2003<\/p>\n<p>BA, FILM &amp; MEDIA ARTS \u2013 MAGNA CUM LAUDE Temple University<br \/>\nPHILADELPHIA, PA 1994-1998<\/p>\n<p><strong>Brand Experience<\/strong><\/p>\n<p>BMW, Audi, Nissan, G4, MTV, A&amp;E, Sony, Coca-Cola, Eck\u014d Unltd, Eck\u014dRed, Zoo York, Complex Magazine, Marc Eck\u014d Cut&amp;Sew, Timex Group, G-Unit, Avirex, Skechers USA, Mozilla, eOne Entertainment, Samuel Goldwyn Films, Ubisoft, Vice, NHLPA, Kraft.<\/p>\n<p><strong>Selected Filmography<\/strong><\/p>\n<p>The Artists, 2018, Documentary Webseries\/Broadcast Feature (CBC &#038; Topic) &#8211; Director &#038; Writer<br \/>\nTerracosm, 2016, VR\/AR Video Game &#8211; Creative Director<br \/>\nHigh Score, 2015, Broadcast Documentary Series Pilot &#8211; Director &#038; Showrunner<br \/>\nSPRNVA (Supernova), 2014, Narrative Short &#8211; Director<br \/>\nKraft x NHLPA Hockeyville, Broadcast\/Web Commercial, 2014 &#8211; Creative Director<br \/>\nMozilla presents SWIPE, 2013, Informational Web Series &#8211; Director<br \/>\nLuke, 2011, Narrative Short \u2013 Director<br \/>\nBMW: Ultimate Blogger, Branded Digital, 2011 &#8211; Director, Producer<br \/>\nSunshine, Narrative Short (TIFF Talent Lab), 2010 \u2013 Director, Director of Photography<br \/>\nBMW: Obsessed, Digital Documentary, 2010 &#8211; Director, Producer<br \/>\nThe Whistleblower, Narrative Feature, 2009 \u2013 2<sup>nd<\/sup> Unit Director<br \/>\nEcko Red Vanessa Hudgens, 2009, Broadcast Commercial &#8211; Director<br \/>\nComplex Magazine (Will Ferrell, Mila Kunis, Andre 3000, Olivia Munn), 2009, Broadcast Commercial &#8211; Director<br \/>\nZoo York Donnie Barley, 2008, Broadcast Commercial, Director<br \/>\nEcko Red Ashley Tisdale, 2008, Broadcast Commercial \u2013 Director<br \/>\nMa-I Pa-Deo (My Father), Narrative Feature, 2007 \u2013 US Cinematographer<br \/>\nEcko Unltd Various, 2006-09, Broadcast Commercial, Director<br \/>\nAudi Step Ahead, 2005, Digital Documentary, Director of Photography<br \/>\nCoca-Cola Refreshing Filmmakers, 2004, Commercial, Director of Photography<br \/>\nClear Blue Skies, 2003, Narrative Short \u2013 Director<br \/>\nSleeping Snakes, 1998, Narrative Short &#8211; Director<\/p>\n","protected":false},"excerpt":{"rendered":"<p>Peter Mishara is a child of the 80s, hailing from the Upper East Side of New York City. He remembers a time before the digital age, but just barely. This informs his visual work, where he blends the immediacy and simplicity of digital with the warmth and soul of analog. He is a graduate of [&hellip;]<\/p>\n","protected":false},"author":1,"featured_media":0,"parent":0,"menu_order":0,"comment_status":"open","ping_status":"open","template":"","meta":{"footnotes":""},"class_list":["post-64","page","type-page","status-publish","hentry"],"_links":{"self":[{"href":"https:\/\/pmish.com\/index.php?rest_route=\/wp\/v2\/pages\/64","targetHints":{"allow":["GET"]}}],"collection":[{"href":"https:\/\/pmish.com\/index.php?rest_route=\/wp\/v2\/pages"}],"about":[{"href":"https:\/\/pmish.com\/index.php?rest_route=\/wp\/v2\/types\/page"}],"author":[{"embeddable":true,"href":"https:\/\/pmish.com\/index.php?rest_route=\/wp\/v2\/users\/1"}],"replies":[{"embeddable":true,"href":"https:\/\/pmish.com\/index.php?rest_route=%2Fwp%2Fv2%2Fcomments&post=64"}],"version-history":[{"count":8,"href":"https:\/\/pmish.com\/index.php?rest_route=\/wp\/v2\/pages\/64\/revisions"}],"predecessor-version":[{"id":109,"href":"https:\/\/pmish.com\/index.php?rest_route=\/wp\/v2\/pages\/64\/revisions\/109"}],"wp:attachment":[{"href":"https:\/\/pmish.com\/index.php?rest_route=%2Fwp%2Fv2%2Fmedia&parent=64"}],"curies":[{"name":"wp","href":"https:\/\/api.w.org\/{rel}","templated":true}]}}